{"id":145989,"date":"2025-07-25T20:44:03","date_gmt":"2025-07-26T00:44:03","guid":{"rendered":"https:\/\/probites.ca\/?post_type=product&#038;p=145989"},"modified":"2025-07-25T20:58:23","modified_gmt":"2025-07-26T00:58:23","slug":"beurre-de-cacahuete-crunch","status":"publish","type":"product","link":"https:\/\/probites.ca\/fr\/produit\/beurre-de-cacahuete-crunch\/","title":{"rendered":"Beurre de Cacahuete Crunch"},"content":{"rendered":"<div class=\"wpb-content-wrapper\"><p>[vc_row][vc_column width=\u00a0\u00bb1\/1&Prime;][vc_empty_space empty_h=\u00a0\u00bb1&Prime;][\/vc_column][\/vc_row][vc_row][vc_column column_width_percent=\u00a0\u00bb100&Prime; align_horizontal=\u00a0\u00bbalign_center\u00a0\u00bb gutter_size=\u00a0\u00bb3&Prime; overlay_alpha=\u00a0\u00bb50&Prime; shift_x=\u00a0\u00bb0&Prime; shift_y=\u00a0\u00bb0&Prime; shift_y_down=\u00a0\u00bb0&Prime; z_index=\u00a0\u00bb0&Prime; medium_width=\u00a0\u00bb0&Prime; mobile_width=\u00a0\u00bb0&Prime; width=\u00a0\u00bb1\/1&Prime; uncode_shortcode_id=\u00a0\u00bb187687&Prime;][vc_custom_heading heading_semantic=\u00a0\u00bbh3&Prime; text_size=\u00a0\u00bbh1&Prime; uncode_shortcode_id=\u00a0\u00bb123678&Prime;]Benefits[\/vc_custom_heading][\/vc_column][\/vc_row][vc_row row_height_percent=\u00a0\u00bb0&Prime; override_padding=\u00a0\u00bbyes\u00a0\u00bb h_padding=\u00a0\u00bb2&Prime; top_padding=\u00a0\u00bb0&Prime; bottom_padding=\u00a0\u00bb1&Prime; overlay_alpha=\u00a0\u00bb50&Prime; gutter_size=\u00a0\u00bb4&Prime; column_width_percent=\u00a0\u00bb100&Prime; shift_y=\u00a0\u00bb0&Prime; z_index=\u00a0\u00bb0&Prime; content_parallax=\u00a0\u00bb0&Prime; uncode_shortcode_id=\u00a0\u00bb470793&Prime;][vc_column column_width_percent=\u00a0\u00bb100&Prime; gutter_size=\u00a0\u00bb2&Prime; overlay_alpha=\u00a0\u00bb50&Prime; shift_x=\u00a0\u00bb0&Prime; shift_y=\u00a0\u00bb0&Prime; shift_y_down=\u00a0\u00bb0&Prime; z_index=\u00a0\u00bb0&Prime; medium_width=\u00a0\u00bb3&Prime; mobile_width=\u00a0\u00bb0&Prime; width=\u00a0\u00bb1\/3&Prime; uncode_shortcode_id=\u00a0\u00bb493387&Prime;][vc_custom_heading heading_semantic=\u00a0\u00bbh3&Prime; text_size=\u00a0\u00bbh4&Prime; uncode_shortcode_id=\u00a0\u00bb104991&Prime;]Alimentez votre corps avec une nutrition de haute qualit\u00e9[\/vc_custom_heading][vc_column_text uncode_shortcode_id=\u00a0\u00bb135211&Prime;]Riche en nutriments essentiels pour soutenir un mode de vie actif.[\/vc_column_text][vc_empty_space empty_h=\u00a0\u00bb1&Prime;][vc_custom_heading heading_semantic=\u00a0\u00bbh3&Prime; text_size=\u00a0\u00bbh4&Prime; uncode_shortcode_id=\u00a0\u00bb181568&Prime;]\u00c9nergie \u00e9quilibr\u00e9e pour votre journ\u00e9e[\/vc_custom_heading][vc_column_text uncode_shortcode_id=\u00a0\u00bb921746&Prime;]Parfait avant ou apr\u00e8s l&rsquo;entra\u00eenement, ou comme collation nutritive \u00e0 emporter.[\/vc_column_text][\/vc_column][vc_column column_width_percent=\u00a0\u00bb100&Prime; gutter_size=\u00a0\u00bb2&Prime; overlay_alpha=\u00a0\u00bb50&Prime; shift_x=\u00a0\u00bb0&Prime; shift_y=\u00a0\u00bb0&Prime; shift_y_down=\u00a0\u00bb0&Prime; z_index=\u00a0\u00bb0&Prime; medium_width=\u00a0\u00bb3&Prime; mobile_width=\u00a0\u00bb0&Prime; width=\u00a0\u00bb1\/3&Prime; uncode_shortcode_id=\u00a0\u00bb757167&Prime;][vc_custom_heading heading_semantic=\u00a0\u00bbh3&Prime; text_size=\u00a0\u00bbh4&Prime; uncode_shortcode_id=\u00a0\u00bb630367&Prime;]D\u00e9licieux et sans culpabilit\u00e9[\/vc_custom_heading][vc_column_text uncode_shortcode_id=\u00a0\u00bb100846&Prime;]Savourez des saveurs gourmandes sans compromettre votre sant\u00e9.[\/vc_column_text][vc_empty_space empty_h=\u00a0\u00bb1&Prime;][vc_custom_heading heading_semantic=\u00a0\u00bbh3&Prime; text_size=\u00a0\u00bbh4&Prime; uncode_shortcode_id=\u00a0\u00bb145960&Prime;]Ingr\u00e9dients sains, sans compromis[\/vc_custom_heading][vc_column_text uncode_shortcode_id=\u00a0\u00bb692246&Prime;]Pr\u00e9par\u00e9 avec des ingr\u00e9dients de qualit\u00e9 pour soutenir vos objectifs de bien-\u00eatre.[\/vc_column_text][\/vc_column][vc_column column_width_percent=\u00a0\u00bb100&Prime; gutter_size=\u00a0\u00bb2&Prime; overlay_alpha=\u00a0\u00bb50&Prime; shift_x=\u00a0\u00bb0&Prime; shift_y=\u00a0\u00bb0&Prime; shift_y_down=\u00a0\u00bb0&Prime; z_index=\u00a0\u00bb0&Prime; medium_width=\u00a0\u00bb3&Prime; mobile_width=\u00a0\u00bb0&Prime; width=\u00a0\u00bb1\/3&Prime; uncode_shortcode_id=\u00a0\u00bb187018&Prime;][vc_custom_heading heading_semantic=\u00a0\u00bbh3&Prime; text_size=\u00a0\u00bbh4&Prime; uncode_shortcode_id=\u00a0\u00bb443946&Prime;]Approuv\u00e9 par les athl\u00e8tes et les experts en fitness[\/vc_custom_heading][vc_column_text uncode_shortcode_id=\u00a0\u00bb102628&Prime;]Le choix privil\u00e9gi\u00e9 des meilleurs entra\u00eeneurs et comp\u00e9titeurs.[\/vc_column_text][vc_empty_space empty_h=\u00a0\u00bb1&Prime;][vc_custom_heading heading_semantic=\u00a0\u00bbh3&Prime; text_size=\u00a0\u00bbh4&Prime; uncode_shortcode_id=\u00a0\u00bb197476&Prime;]Commodit\u00e9 et performance r\u00e9unies[\/vc_custom_heading][vc_column_text uncode_shortcode_id=\u00a0\u00bb390114&Prime;]Une collation riche en prot\u00e9ines, con\u00e7ue pour les modes de vie actifs.[\/vc_column_text][\/vc_column][\/vc_row][vc_row unlock_row_content=\u00a0\u00bbyes\u00a0\u00bb row_height_percent=\u00a0\u00bb0&Prime; override_padding=\u00a0\u00bbyes\u00a0\u00bb h_padding=\u00a0\u00bb5&Prime; top_padding=\u00a0\u00bb4&Prime; bottom_padding=\u00a0\u00bb4&Prime; overlay_alpha=\u00a0\u00bb50&Prime; gutter_size=\u00a0\u00bb3&Prime; column_width_percent=\u00a0\u00bb100&Prime; shift_y=\u00a0\u00bb0&Prime; z_index=\u00a0\u00bb0&Prime; uncode_shortcode_id=\u00a0\u00bb132692&Prime;][vc_column width=\u00a0\u00bb1\/1&Prime;][vc_row_inner limit_content=\u00a0\u00bb\u00a0\u00bb][vc_column_inner column_width_use_pixel=\u00a0\u00bbyes\u00a0\u00bb align_horizontal=\u00a0\u00bbalign_center\u00a0\u00bb gutter_size=\u00a0\u00bb2&Prime; overlay_alpha=\u00a0\u00bb50&Prime; shift_x=\u00a0\u00bb0&Prime; shift_y=\u00a0\u00bb0&Prime; shift_y_down=\u00a0\u00bb0&Prime; z_index=\u00a0\u00bb0&Prime; medium_width=\u00a0\u00bb0&Prime; mobile_width=\u00a0\u00bb0&Prime; width=\u00a0\u00bb1\/1&Prime; column_width_pixel=\u00a0\u00bb660&Prime; uncode_shortcode_id=\u00a0\u00bb900816&Prime;][vc_custom_heading heading_semantic=\u00a0\u00bbh3&Prime; text_size=\u00a0\u00bbh1&Prime; uncode_shortcode_id=\u00a0\u00bb325723&Prime;]Valeurs nutritives[\/vc_custom_heading][\/vc_column_inner][\/vc_row_inner][vc_single_image media=\u00a0\u00bb145999&Prime; media_lightbox=\u00a0\u00bbyes\u00a0\u00bb media_width_percent=\u00a0\u00bb60&Prime; alignment=\u00a0\u00bbcenter\u00a0\u00bb uncode_shortcode_id=\u00a0\u00bb209052&Prime;][\/vc_column][\/vc_row][vc_row unlock_row_content=\u00a0\u00bbyes\u00a0\u00bb row_height_percent=\u00a0\u00bb100&Prime; override_padding=\u00a0\u00bbyes\u00a0\u00bb h_padding=\u00a0\u00bb2&Prime; top_padding=\u00a0\u00bb2&Prime; bottom_padding=\u00a0\u00bb2&Prime; back_color=\u00a0\u00bbcolor-wayh\u00a0\u00bb overlay_alpha=\u00a0\u00bb50&Prime; gutter_size=\u00a0\u00bb3&Prime; column_width_percent=\u00a0\u00bb100&Prime; shift_y=\u00a0\u00bb0&Prime; z_index=\u00a0\u00bb0&Prime; content_parallax=\u00a0\u00bb0&Prime; uncode_shortcode_id=\u00a0\u00bb137137&Prime; back_color_type=\u00a0\u00bbuncode-palette\u00a0\u00bb el_class=\u00a0\u00bbdemo-section demo-dark-background\u00a0\u00bb][vc_column column_width_percent=\u00a0\u00bb100&Prime; position_vertical=\u00a0\u00bbmiddle\u00a0\u00bb align_horizontal=\u00a0\u00bbalign_center\u00a0\u00bb gutter_size=\u00a0\u00bb3&Prime; style=\u00a0\u00bbdark\u00a0\u00bb overlay_alpha=\u00a0\u00bb50&Prime; shift_x=\u00a0\u00bb0&Prime; shift_y=\u00a0\u00bb0&Prime; shift_y_down=\u00a0\u00bb0&Prime; z_index=\u00a0\u00bb0&Prime; medium_width=\u00a0\u00bb0&Prime; mobile_width=\u00a0\u00bb0&Prime; width=\u00a0\u00bb1\/1&Prime; uncode_shortcode_id=\u00a0\u00bb193491&Prime;][vc_gallery el_id=\u00a0\u00bbgallery-211280&Prime; type=\u00a0\u00bbcarousel\u00a0\u00bb medias=\u00a0\u00bb145450,145451,145452,145453,145454&Prime; carousel_lg=\u00a0\u00bb3&Prime; carousel_md=\u00a0\u00bb3&Prime; carousel_sm=\u00a0\u00bb1&Prime; gutter_size=\u00a0\u00bb2&Prime; carousel_interval=\u00a0\u00bb3000&Prime; carousel_navspeed=\u00a0\u00bb400&Prime; stage_padding=\u00a0\u00bb0&Prime; single_overlay_color=\u00a0\u00bbcolor-jevc\u00a0\u00bb single_overlay_opacity=\u00a0\u00bb15&Prime; single_image_anim=\u00a0\u00bbno\u00a0\u00bb single_h_align=\u00a0\u00bbcenter\u00a0\u00bb single_padding=\u00a0\u00bb2&Prime; single_icon=\u00a0\u00bbfa fa-plus2&Prime; single_shadow=\u00a0\u00bbyes\u00a0\u00bb shadow_weight=\u00a0\u00bbxl\u00a0\u00bb shadow_darker=\u00a0\u00bbyes\u00a0\u00bb single_border=\u00a0\u00bbyes\u00a0\u00bb horizontal_th_size=\u00a0\u00bbvh\u00a0\u00bb uncode_shortcode_id=\u00a0\u00bb788236&Prime;][\/vc_column][\/vc_row]<\/p>\n<\/div>","protected":false},"excerpt":{"rendered":"<p>Cr\u00e9meux, savoureux et d\u00e9licieusement crunchy,  nos Bouch\u00e9es Croquant au Beurre d\u2019Arachide sont faites avec de vraies arachides r\u00f4ties et offrent une bonne dose de prot\u00e9ines pour une \u00e9nergie durable. Parfaites pour les amateurs de beurre d\u2019arachide \u00e0 la recherche d\u2019une collation riche en go\u00fbt et sans cuisson.<\/p>\n","protected":false},"featured_media":146901,"comment_status":"open","ping_status":"closed","template":"","meta":[],"product_brand":[],"product_cat":[123],"product_tag":[],"class_list":{"0":"post-145989","1":"product","2":"type-product","3":"status-publish","4":"has-post-thumbnail","6":"product_cat-bouchees-proteinees","8":"first","9":"instock","10":"featured","11":"taxable","12":"shipping-taxable","13":"purchasable","14":"product-type-variable"},"_links":{"self":[{"href":"https:\/\/probites.ca\/fr\/wp-json\/wp\/v2\/product\/145989","targetHints":{"allow":["GET"]}}],"collection":[{"href":"https:\/\/probites.ca\/fr\/wp-json\/wp\/v2\/product"}],"about":[{"href":"https:\/\/probites.ca\/fr\/wp-json\/wp\/v2\/types\/product"}],"replies":[{"embeddable":true,"href":"https:\/\/probites.ca\/fr\/wp-json\/wp\/v2\/comments?post=145989"}],"wp:featuredmedia":[{"embeddable":true,"href":"https:\/\/probites.ca\/fr\/wp-json\/wp\/v2\/media\/146901"}],"wp:attachment":[{"href":"https:\/\/probites.ca\/fr\/wp-json\/wp\/v2\/media?parent=145989"}],"wp:term":[{"taxonomy":"product_brand","embeddable":true,"href":"https:\/\/probites.ca\/fr\/wp-json\/wp\/v2\/product_brand?post=145989"},{"taxonomy":"product_cat","embeddable":true,"href":"https:\/\/probites.ca\/fr\/wp-json\/wp\/v2\/product_cat?post=145989"},{"taxonomy":"product_tag","embeddable":true,"href":"https:\/\/probites.ca\/fr\/wp-json\/wp\/v2\/product_tag?post=145989"}],"curies":[{"name":"wp","href":"https:\/\/api.w.org\/{rel}","templated":true}]}}