{"id":11891,"date":"2021-07-28T22:33:07","date_gmt":"2021-07-29T02:33:07","guid":{"rendered":"https:\/\/probites.wpenginepowered.com\/product\/oreo\/"},"modified":"2026-03-23T11:53:33","modified_gmt":"2026-03-23T15:53:33","slug":"biscuits-et-cream","status":"publish","type":"product","link":"https:\/\/probites.ca\/fr\/produit\/biscuits-et-cream\/","title":{"rendered":"Biscuits et Cr\u00e8am"},"content":{"rendered":"<div class=\"wpb-content-wrapper\"><p>[vc_row][vc_column width=\u00a0\u00bb1\/1&Prime;][vc_empty_space empty_h=\u00a0\u00bb1&Prime;][\/vc_column][\/vc_row][vc_row][vc_column column_width_percent=\u00a0\u00bb100&Prime; align_horizontal=\u00a0\u00bbalign_center\u00a0\u00bb gutter_size=\u00a0\u00bb3&Prime; overlay_alpha=\u00a0\u00bb50&Prime; shift_x=\u00a0\u00bb0&Prime; shift_y=\u00a0\u00bb0&Prime; shift_y_down=\u00a0\u00bb0&Prime; z_index=\u00a0\u00bb0&Prime; medium_width=\u00a0\u00bb0&Prime; mobile_width=\u00a0\u00bb0&Prime; width=\u00a0\u00bb1\/1&Prime; uncode_shortcode_id=\u00a0\u00bb187687&Prime;][vc_custom_heading heading_semantic=\u00a0\u00bbh3&Prime; text_size=\u00a0\u00bbh1&Prime; uncode_shortcode_id=\u00a0\u00bb227690&Prime;]Avantages[\/vc_custom_heading][\/vc_column][\/vc_row][vc_row row_height_percent=\u00a0\u00bb0&Prime; override_padding=\u00a0\u00bbyes\u00a0\u00bb h_padding=\u00a0\u00bb2&Prime; top_padding=\u00a0\u00bb0&Prime; bottom_padding=\u00a0\u00bb1&Prime; overlay_alpha=\u00a0\u00bb50&Prime; gutter_size=\u00a0\u00bb4&Prime; column_width_percent=\u00a0\u00bb100&Prime; shift_y=\u00a0\u00bb0&Prime; z_index=\u00a0\u00bb0&Prime; content_parallax=\u00a0\u00bb0&Prime; uncode_shortcode_id=\u00a0\u00bb470793&Prime;][vc_column column_width_percent=\u00a0\u00bb100&Prime; gutter_size=\u00a0\u00bb2&Prime; overlay_alpha=\u00a0\u00bb50&Prime; shift_x=\u00a0\u00bb0&Prime; shift_y=\u00a0\u00bb0&Prime; shift_y_down=\u00a0\u00bb0&Prime; z_index=\u00a0\u00bb0&Prime; medium_width=\u00a0\u00bb3&Prime; mobile_width=\u00a0\u00bb0&Prime; width=\u00a0\u00bb1\/3&Prime; uncode_shortcode_id=\u00a0\u00bb493387&Prime;][vc_custom_heading heading_semantic=\u00a0\u00bbh3&Prime; text_size=\u00a0\u00bbh4&Prime; uncode_shortcode_id=\u00a0\u00bb207564&Prime;]Alimentez votre corps avec une nutrition de haute qualit\u00e9[\/vc_custom_heading][vc_column_text uncode_shortcode_id=\u00a0\u00bb141413&Prime;]Riche en nutriments essentiels pour soutenir un mode de vie actif.[\/vc_column_text][vc_empty_space empty_h=\u00a0\u00bb1&Prime;][vc_custom_heading heading_semantic=\u00a0\u00bbh3&Prime; text_size=\u00a0\u00bbh4&Prime; uncode_shortcode_id=\u00a0\u00bb187895&Prime;]Ingr\u00e9dients sains, sans compromis[\/vc_custom_heading][vc_column_text uncode_shortcode_id=\u00a0\u00bb106157&Prime;]Pr\u00e9par\u00e9 avec des ingr\u00e9dients de qualit\u00e9 pour soutenir vos objectifs de bien-\u00eatre.[\/vc_column_text][\/vc_column][vc_column column_width_percent=\u00a0\u00bb100&Prime; gutter_size=\u00a0\u00bb2&Prime; overlay_alpha=\u00a0\u00bb50&Prime; shift_x=\u00a0\u00bb0&Prime; shift_y=\u00a0\u00bb0&Prime; shift_y_down=\u00a0\u00bb0&Prime; z_index=\u00a0\u00bb0&Prime; medium_width=\u00a0\u00bb3&Prime; mobile_width=\u00a0\u00bb0&Prime; width=\u00a0\u00bb1\/3&Prime; uncode_shortcode_id=\u00a0\u00bb757167&Prime;][vc_custom_heading heading_semantic=\u00a0\u00bbh3&Prime; text_size=\u00a0\u00bbh4&Prime; uncode_shortcode_id=\u00a0\u00bb169104&Prime;]\u00c9nergie \u00e9quilibr\u00e9e pour votre journ\u00e9e[\/vc_custom_heading][vc_column_text uncode_shortcode_id=\u00a0\u00bb156469&Prime;]Parfait avant ou apr\u00e8s l&rsquo;entra\u00eenement, ou comme collation nutritive \u00e0 emporter.[\/vc_column_text][vc_empty_space empty_h=\u00a0\u00bb1&Prime;][vc_custom_heading heading_semantic=\u00a0\u00bbh3&Prime; text_size=\u00a0\u00bbh4&Prime; uncode_shortcode_id=\u00a0\u00bb895745&Prime;]Approuv\u00e9 par les athl\u00e8tes et les experts en fitness[\/vc_custom_heading][vc_column_text uncode_shortcode_id=\u00a0\u00bb104452&Prime;]Le choix privil\u00e9gi\u00e9 des meilleurs entra\u00eeneurs et comp\u00e9titeurs.[\/vc_column_text][\/vc_column][vc_column column_width_percent=\u00a0\u00bb100&Prime; gutter_size=\u00a0\u00bb2&Prime; overlay_alpha=\u00a0\u00bb50&Prime; shift_x=\u00a0\u00bb0&Prime; shift_y=\u00a0\u00bb0&Prime; shift_y_down=\u00a0\u00bb0&Prime; z_index=\u00a0\u00bb0&Prime; medium_width=\u00a0\u00bb3&Prime; mobile_width=\u00a0\u00bb0&Prime; width=\u00a0\u00bb1\/3&Prime; uncode_shortcode_id=\u00a0\u00bb187018&Prime;][vc_custom_heading heading_semantic=\u00a0\u00bbh3&Prime; text_size=\u00a0\u00bbh4&Prime; uncode_shortcode_id=\u00a0\u00bb261964&Prime;]D\u00e9licieux et sans culpabilit\u00e9[\/vc_custom_heading][vc_column_text uncode_shortcode_id=\u00a0\u00bb177381&Prime;]Savourez des saveurs gourmandes sans compromettre votre sant\u00e9.[\/vc_column_text][vc_empty_space empty_h=\u00a0\u00bb1&Prime;][vc_custom_heading heading_semantic=\u00a0\u00bbh3&Prime; text_size=\u00a0\u00bbh4&Prime; uncode_shortcode_id=\u00a0\u00bb629343&Prime;]Commodit\u00e9 et performance r\u00e9unies[\/vc_custom_heading][vc_column_text uncode_shortcode_id=\u00a0\u00bb507892&Prime;]Une collation riche en prot\u00e9ines, con\u00e7ue pour les modes de vie actifs.[\/vc_column_text][\/vc_column][\/vc_row][vc_row unlock_row_content=\u00a0\u00bbyes\u00a0\u00bb row_height_percent=\u00a0\u00bb0&Prime; override_padding=\u00a0\u00bbyes\u00a0\u00bb h_padding=\u00a0\u00bb5&Prime; top_padding=\u00a0\u00bb4&Prime; bottom_padding=\u00a0\u00bb0&Prime; overlay_alpha=\u00a0\u00bb50&Prime; gutter_size=\u00a0\u00bb3&Prime; column_width_percent=\u00a0\u00bb100&Prime; shift_y=\u00a0\u00bb0&Prime; z_index=\u00a0\u00bb0&Prime; content_parallax=\u00a0\u00bb0&Prime; uncode_shortcode_id=\u00a0\u00bb134478&Prime;][vc_column width=\u00a0\u00bb1\/1&Prime;][vc_row_inner limit_content=\u00a0\u00bb\u00a0\u00bb][vc_column_inner column_width_use_pixel=\u00a0\u00bbyes\u00a0\u00bb align_horizontal=\u00a0\u00bbalign_center\u00a0\u00bb gutter_size=\u00a0\u00bb2&Prime; overlay_alpha=\u00a0\u00bb50&Prime; shift_x=\u00a0\u00bb0&Prime; shift_y=\u00a0\u00bb0&Prime; shift_y_down=\u00a0\u00bb0&Prime; z_index=\u00a0\u00bb0&Prime; medium_width=\u00a0\u00bb0&Prime; mobile_width=\u00a0\u00bb0&Prime; width=\u00a0\u00bb1\/1&Prime; column_width_pixel=\u00a0\u00bb660&Prime; uncode_shortcode_id=\u00a0\u00bb900816&Prime;][vc_custom_heading heading_semantic=\u00a0\u00bbh3&Prime; text_size=\u00a0\u00bbh1&Prime; uncode_shortcode_id=\u00a0\u00bb157857&Prime;]Valeurs nutritives[\/vc_custom_heading][\/vc_column_inner][\/vc_row_inner][vc_single_image media=\u00a0\u00bb145426&Prime; media_width_percent=\u00a0\u00bb60&Prime; alignment=\u00a0\u00bbcenter\u00a0\u00bb uncode_shortcode_id=\u00a0\u00bb122631&Prime;][\/vc_column][\/vc_row][vc_row unlock_row_content=\u00a0\u00bbyes\u00a0\u00bb row_height_percent=\u00a0\u00bb100&Prime; override_padding=\u00a0\u00bbyes\u00a0\u00bb h_padding=\u00a0\u00bb2&Prime; top_padding=\u00a0\u00bb2&Prime; bottom_padding=\u00a0\u00bb2&Prime; back_color=\u00a0\u00bbcolor-wayh\u00a0\u00bb overlay_alpha=\u00a0\u00bb50&Prime; gutter_size=\u00a0\u00bb3&Prime; column_width_percent=\u00a0\u00bb100&Prime; shift_y=\u00a0\u00bb0&Prime; z_index=\u00a0\u00bb0&Prime; content_parallax=\u00a0\u00bb0&Prime; uncode_shortcode_id=\u00a0\u00bb162967&Prime; back_color_type=\u00a0\u00bbuncode-palette\u00a0\u00bb el_class=\u00a0\u00bbdemo-section demo-dark-background\u00a0\u00bb][vc_column column_width_percent=\u00a0\u00bb100&Prime; position_vertical=\u00a0\u00bbmiddle\u00a0\u00bb align_horizontal=\u00a0\u00bbalign_center\u00a0\u00bb gutter_size=\u00a0\u00bb3&Prime; style=\u00a0\u00bbdark\u00a0\u00bb overlay_alpha=\u00a0\u00bb50&Prime; shift_x=\u00a0\u00bb0&Prime; shift_y=\u00a0\u00bb0&Prime; shift_y_down=\u00a0\u00bb0&Prime; z_index=\u00a0\u00bb0&Prime; medium_width=\u00a0\u00bb0&Prime; mobile_width=\u00a0\u00bb0&Prime; width=\u00a0\u00bb1\/1&Prime; uncode_shortcode_id=\u00a0\u00bb193491&Prime;][vc_gallery el_id=\u00a0\u00bbgallery-211280&Prime; type=\u00a0\u00bbcarousel\u00a0\u00bb medias=\u00a0\u00bb145424,145423,145422,145421&Prime; carousel_lg=\u00a0\u00bb3&Prime; carousel_md=\u00a0\u00bb3&Prime; carousel_sm=\u00a0\u00bb1&Prime; gutter_size=\u00a0\u00bb2&Prime; carousel_interval=\u00a0\u00bb3000&Prime; carousel_navspeed=\u00a0\u00bb400&Prime; stage_padding=\u00a0\u00bb0&Prime; single_overlay_color=\u00a0\u00bbcolor-jevc\u00a0\u00bb single_overlay_opacity=\u00a0\u00bb15&Prime; single_image_anim=\u00a0\u00bbno\u00a0\u00bb single_h_align=\u00a0\u00bbcenter\u00a0\u00bb single_padding=\u00a0\u00bb2&Prime; single_icon=\u00a0\u00bbfa fa-plus2&Prime; single_shadow=\u00a0\u00bbyes\u00a0\u00bb shadow_weight=\u00a0\u00bbxl\u00a0\u00bb shadow_darker=\u00a0\u00bbyes\u00a0\u00bb single_border=\u00a0\u00bbyes\u00a0\u00bb horizontal_th_size=\u00a0\u00bbvh\u00a0\u00bb uncode_shortcode_id=\u00a0\u00bb163719&Prime;][\/vc_column][\/vc_row]<\/p>\n<\/div>","protected":false},"excerpt":{"rendered":"<p>Nos bouch\u00e9es prot\u00e9in\u00e9es Biscuits et Cr\u00e8am sont vraiment un r\u00eave devenu r\u00e9alit\u00e9 pour tous les amateurs de Biscuits et Cr\u00e8am ! Elles constituent un \u00e9quilibre parfait entre texture, saveur et nutrition.<\/p>\n","protected":false},"featured_media":145540,"comment_status":"open","ping_status":"closed","template":"","meta":[],"product_brand":[],"product_cat":[123],"product_tag":[],"class_list":{"0":"post-11891","1":"product","2":"type-product","3":"status-publish","4":"has-post-thumbnail","6":"product_cat-bouchees-proteinees","8":"first","9":"outofstock","10":"featured","11":"taxable","12":"shipping-taxable","13":"purchasable","14":"product-type-variable"},"_links":{"self":[{"href":"https:\/\/probites.ca\/fr\/wp-json\/wp\/v2\/product\/11891","targetHints":{"allow":["GET"]}}],"collection":[{"href":"https:\/\/probites.ca\/fr\/wp-json\/wp\/v2\/product"}],"about":[{"href":"https:\/\/probites.ca\/fr\/wp-json\/wp\/v2\/types\/product"}],"replies":[{"embeddable":true,"href":"https:\/\/probites.ca\/fr\/wp-json\/wp\/v2\/comments?post=11891"}],"wp:featuredmedia":[{"embeddable":true,"href":"https:\/\/probites.ca\/fr\/wp-json\/wp\/v2\/media\/145540"}],"wp:attachment":[{"href":"https:\/\/probites.ca\/fr\/wp-json\/wp\/v2\/media?parent=11891"}],"wp:term":[{"taxonomy":"product_brand","embeddable":true,"href":"https:\/\/probites.ca\/fr\/wp-json\/wp\/v2\/product_brand?post=11891"},{"taxonomy":"product_cat","embeddable":true,"href":"https:\/\/probites.ca\/fr\/wp-json\/wp\/v2\/product_cat?post=11891"},{"taxonomy":"product_tag","embeddable":true,"href":"https:\/\/probites.ca\/fr\/wp-json\/wp\/v2\/product_tag?post=11891"}],"curies":[{"name":"wp","href":"https:\/\/api.w.org\/{rel}","templated":true}]}}