{"id":145776,"date":"2025-07-11T21:25:44","date_gmt":"2025-07-12T01:25:44","guid":{"rendered":"https:\/\/probites.wpenginepowered.com\/shipping-policy\/"},"modified":"2025-07-12T01:58:57","modified_gmt":"2025-07-12T05:58:57","slug":"politique-dexpedition","status":"publish","type":"page","link":"https:\/\/probites.ca\/fr\/politique-dexpedition\/","title":{"rendered":"Politique d&rsquo;exp\u00e9dition"},"content":{"rendered":"<div class=\"wpb-content-wrapper\"><p>[vc_row unlock_row_content=\u00a0\u00bbyes\u00a0\u00bb row_height_percent=\u00a0\u00bb60&Prime; override_padding=\u00a0\u00bbyes\u00a0\u00bb h_padding=\u00a0\u00bb5&Prime; top_padding=\u00a0\u00bb3&Prime; bottom_padding=\u00a0\u00bb3&Prime; back_color=\u00a0\u00bbcolor-wayh\u00a0\u00bb back_image=\u00a0\u00bb145773&Prime; parallax=\u00a0\u00bbyes\u00a0\u00bb kburns=\u00a0\u00bbyes\u00a0\u00bb overlay_alpha=\u00a0\u00bb50&Prime; gutter_size=\u00a0\u00bb3&Prime; column_width_percent=\u00a0\u00bb100&Prime; shift_y=\u00a0\u00bb0&Prime; z_index=\u00a0\u00bb0&Prime; top_divider=\u00a0\u00bbgradient\u00a0\u00bb enable_bottom_divider=\u00a0\u00bbdefault\u00a0\u00bb bottom_divider=\u00a0\u00bbgradient\u00a0\u00bb shape_bottom_h_use_pixel=\u00a0\u00bbtrue\u00a0\u00bb shape_bottom_height_percent=\u00a0\u00bb30&Prime; shape_bottom_color=\u00a0\u00bbcolor-nhtu\u00a0\u00bb shape_bottom_opacity=\u00a0\u00bb30&Prime; shape_bottom_index=\u00a0\u00bb0&Prime; content_parallax=\u00a0\u00bb0&Prime; uncode_shortcode_id=\u00a0\u00bb118454&Prime; back_color_type=\u00a0\u00bbuncode-palette\u00a0\u00bb shape_bottom_color_type=\u00a0\u00bbuncode-palette\u00a0\u00bb][vc_column column_width_percent=\u00a0\u00bb100&Prime; position_vertical=\u00a0\u00bbmiddle\u00a0\u00bb align_horizontal=\u00a0\u00bbalign_center\u00a0\u00bb gutter_size=\u00a0\u00bb3&Prime; style=\u00a0\u00bbdark\u00a0\u00bb overlay_alpha=\u00a0\u00bb50&Prime; shift_x=\u00a0\u00bb0&Prime; shift_y=\u00a0\u00bb0&Prime; shift_y_down=\u00a0\u00bb0&Prime; z_index=\u00a0\u00bb0&Prime; medium_width=\u00a0\u00bb0&Prime; mobile_width=\u00a0\u00bb0&Prime; width=\u00a0\u00bb1\/1&Prime; uncode_shortcode_id=\u00a0\u00bb149620&Prime;][vc_custom_heading heading_semantic=\u00a0\u00bbh1&Prime; text_font=\u00a0\u00bbfont-846016&Prime; text_size=\u00a0\u00bbfontsize-338686&Prime; text_height=\u00a0\u00bbfontheight-179065&Prime; sub_reduced=\u00a0\u00bbyes\u00a0\u00bb text_uppercase=\u00a0\u00bb\u00a0\u00bb uncode_shortcode_id=\u00a0\u00bb616199&Prime;]Politique d&rsquo;exp\u00e9dition[\/vc_custom_heading][\/vc_column][\/vc_row][vc_row][vc_column][vc_custom_heading heading_semantic=\u00a0\u00bbh4&Prime; text_size=\u00a0\u00bbh3&Prime; uncode_shortcode_id=\u00a0\u00bb154789&Prime; subheading=\u00a0\u00bbChez Probites, nous faisons de notre mieux pour offrir \u00e0 nos clients le meilleur rapport qualit\u00e9 \/ prix par portion. Nos Probites Value Sizes et nos produits exclusifs offrent \u00e0 nos clients un avantage cl\u00e9. Si vous avez des questions ou des pr\u00e9occupations, veuillez contacter notre \u00e9quipe.\u00a0\u00bb]Politiques De Commande[\/vc_custom_heading][vc_custom_heading heading_semantic=\u00a0\u00bbh4&Prime; text_size=\u00a0\u00bbh3&Prime; uncode_shortcode_id=\u00a0\u00bb145640&Prime; subheading=\u00a0\u00bbDans le cas o\u00f9 vous devez retourner un produit pr\u00e9cis ou une commande enti\u00e8re, ou s\u2019il y a une erreur \u00e0 votre commande, s\u2019il vous pla\u00eet contactez-nous avec une descrip-tion d\u00e9taill\u00e9e de la raison de votre retour. Veuillez inclure votre num\u00e9ro de commande ainsi que le nom complet du produit (en indiquant la saveur, si applicable) et la raison du retour.<\/p>\n<p>Nous vous enverrons les d\u00e9tails pour exp\u00e9dier le produit \u00e0 notre Service \u00e0 la Client\u00e8le Probites. Les frais d\u2019exp\u00e9dition et de manutention ne sont pas remboursa-bles, mais nous vous rembourserons vos frais d\u2019exp\u00e9dition d\u2019origine si vous retournez un article en raison d\u2019une erreur de notre part; d\u2019une d\u00e9fectuosit\u00e9 que nous avons nous-m\u00eame jug\u00e9e; ou un une discordance de commande \u2013 donc, d\u2019une erreur de notre part (par exemple : mauvais produit, mauvaise saveur, etc.)<\/p>\n<p>Si vous retournez un produit en raison de notre erreur et que vous souhaitez l\u2019\u00e9changer, nous paierons \u00e9galement les frais d\u2019exp\u00e9dition suppl\u00e9mentaires.<\/p>\n<p>Tous les articles promotionnels GRATUITS (t-shirts, shaker, gobelets, \u00e9chantillons, etc.) doivent \u00eatre retourn\u00e9s si une commande enti\u00e8re est retourn\u00e9e pour un remboursement complet. Aucun rembourse-ment ne sera accord\u00e9 dans son enti\u00e8ret\u00e9 si ces articles promotionnels ne sont pas re-tourn\u00e9s. Pour toute question suppl\u00e9mentaire, veuillez contacter notre centre de service \u00e0 la client\u00e8le Probites.\u00a0\u00bb text_color_type=\u00a0\u00bbuncode-palette\u00a0\u00bb text_color_solid=\u00a0\u00bb#ff0000&Prime;]Retour Des Produits Et De L\u2019\u00e9cart De Commande[\/vc_custom_heading][vc_custom_heading heading_semantic=\u00a0\u00bbh4&Prime; text_size=\u00a0\u00bbh3&Prime; uncode_shortcode_id=\u00a0\u00bb165486&Prime; subheading=\u00a0\u00bbPour la protection de nos acheteurs, notre politique interdit la vente aux mineurs. Si vous avez moins de l\u2019\u00e2ge l\u00e9gal de la majorit\u00e9 et souhaitez acheter dans notre boutique en ligne, veuillez demander \u00e0 un parent ou \u00e0 un tuteur l\u00e9gal de faire l\u2019achat pour vous et de s\u2019en porter garant.\u00a0\u00bb]Achats Par Un Mineur[\/vc_custom_heading][vc_custom_heading heading_semantic=\u00a0\u00bbh4&Prime; text_size=\u00a0\u00bbh3&Prime; uncode_shortcode_id=\u00a0\u00bb277901&Prime; subheading=\u00a0\u00bbIl est possible qu\u2019une erreur d\u2019impression survienne sur le mat\u00e9riel imprim\u00e9, les promo-tions par courriel et sur nos pages de site Web. Dans le cas o\u00f9 une erreur se produise, il se peut que nous ne soyons pas en mesure d\u2019honorer l\u2019erreur. Probites se r\u00e9serve le droit de refuser toute commande ou offre.\u00a0\u00bb]Erreurs D\u2019impression[\/vc_custom_heading][vc_custom_heading heading_semantic=\u00a0\u00bbh4&Prime; text_size=\u00a0\u00bbh3&Prime; uncode_shortcode_id=\u00a0\u00bb160357&Prime; subheading=\u00a0\u00bbTous les produits achet\u00e9s aupr\u00e8s de Probites sont pour un usage personnel seulement et ne peuvent pas \u00eatre revendus.\u00a0\u00bb]Politique De Revente[\/vc_custom_heading][vc_custom_heading heading_semantic=\u00a0\u00bbh4&Prime; text_size=\u00a0\u00bbh3&Prime; uncode_shortcode_id=\u00a0\u00bb581438&Prime; subheading=\u00a0\u00bbDans le cas o\u00f9 l\u2019un de vos articles est en rupture de stock apr\u00e8s le traitement de votre commande, nous ne retarderons pas l\u2019int\u00e9gralit\u00e9 de vos achats. D\u00e8s que nous recevrons votre ou vos article(s) en souffrance, il sera exp\u00e9di\u00e9 gratuitement. Si votre commande se compose d\u2019un seul \u00e9l\u00e9ment, nous vous aviserons si votre article est en rupture de stock. Nous ne substituons jamais une autre saveur, marque ou produit.\u00a0\u00bb]Commande En Souffrance[\/vc_custom_heading][\/vc_column][\/vc_row]<\/p>\n<\/div>","protected":false},"excerpt":{"rendered":"<p>[vc_row unlock_row_content=\u00a0\u00bbyes\u00a0\u00bb row_height_percent=\u00a0\u00bb60&Prime; override_padding=\u00a0\u00bbyes\u00a0\u00bb h_padding=\u00a0\u00bb5&Prime; top_padding=\u00a0\u00bb3&Prime; bottom_padding=\u00a0\u00bb3&Prime; back_color=\u00a0\u00bbcolor-wayh\u00a0\u00bb back_image=\u00a0\u00bb145773&Prime; parallax=\u00a0\u00bbyes\u00a0\u00bb kburns=\u00a0\u00bbyes\u00a0\u00bb overlay_alpha=\u00a0\u00bb50&Prime; gutter_size=\u00a0\u00bb3&Prime; column_width_percent=\u00a0\u00bb100&Prime; shift_y=\u00a0\u00bb0&Prime; z_index=\u00a0\u00bb0&Prime; top_divider=\u00a0\u00bbgradient\u00a0\u00bb enable_bottom_divider=\u00a0\u00bbdefault\u00a0\u00bb bottom_divider=\u00a0\u00bbgradient\u00a0\u00bb shape_bottom_h_use_pixel=\u00a0\u00bbtrue\u00a0\u00bb [&hellip;]<\/p>\n","protected":false},"author":114,"featured_media":0,"parent":0,"menu_order":0,"comment_status":"closed","ping_status":"closed","template":"","meta":{"footnotes":""},"class_list":["post-145776","page","type-page","status-publish","hentry"],"_links":{"self":[{"href":"https:\/\/probites.ca\/fr\/wp-json\/wp\/v2\/pages\/145776","targetHints":{"allow":["GET"]}}],"collection":[{"href":"https:\/\/probites.ca\/fr\/wp-json\/wp\/v2\/pages"}],"about":[{"href":"https:\/\/probites.ca\/fr\/wp-json\/wp\/v2\/types\/page"}],"author":[{"embeddable":true,"href":"https:\/\/probites.ca\/fr\/wp-json\/wp\/v2\/users\/114"}],"replies":[{"embeddable":true,"href":"https:\/\/probites.ca\/fr\/wp-json\/wp\/v2\/comments?post=145776"}],"version-history":[{"count":0,"href":"https:\/\/probites.ca\/fr\/wp-json\/wp\/v2\/pages\/145776\/revisions"}],"wp:attachment":[{"href":"https:\/\/probites.ca\/fr\/wp-json\/wp\/v2\/media?parent=145776"}],"curies":[{"name":"wp","href":"https:\/\/api.w.org\/{rel}","templated":true}]}}