{"id":145579,"date":"2025-06-06T13:55:07","date_gmt":"2025-06-06T17:55:07","guid":{"rendered":"https:\/\/probites.wpenginepowered.com\/our-story-2\/"},"modified":"2025-07-11T21:44:23","modified_gmt":"2025-07-12T01:44:23","slug":"notre-histoire","status":"publish","type":"page","link":"https:\/\/probites.ca\/fr\/notre-histoire\/","title":{"rendered":"Notre Histoire"},"content":{"rendered":"<div class=\"wpb-content-wrapper\"><p>[vc_row unlock_row_content=\u00a0\u00bbyes\u00a0\u00bb row_height_percent=\u00a0\u00bb60&Prime; override_padding=\u00a0\u00bbyes\u00a0\u00bb h_padding=\u00a0\u00bb5&Prime; top_padding=\u00a0\u00bb3&Prime; bottom_padding=\u00a0\u00bb3&Prime; back_color=\u00a0\u00bbcolor-wayh\u00a0\u00bb back_image=\u00a0\u00bb145587&Prime; parallax=\u00a0\u00bbyes\u00a0\u00bb kburns=\u00a0\u00bbmagnetic\u00a0\u00bb overlay_alpha=\u00a0\u00bb50&Prime; gutter_size=\u00a0\u00bb3&Prime; column_width_percent=\u00a0\u00bb100&Prime; shift_y=\u00a0\u00bb0&Prime; z_index=\u00a0\u00bb0&Prime; top_divider=\u00a0\u00bbgradient\u00a0\u00bb enable_bottom_divider=\u00a0\u00bbdefault\u00a0\u00bb bottom_divider=\u00a0\u00bbgradient\u00a0\u00bb shape_bottom_h_use_pixel=\u00a0\u00bbtrue\u00a0\u00bb shape_bottom_height_percent=\u00a0\u00bb30&Prime; shape_bottom_color=\u00a0\u00bbcolor-nhtu\u00a0\u00bb shape_bottom_opacity=\u00a0\u00bb30&Prime; shape_bottom_index=\u00a0\u00bb0&Prime; content_parallax=\u00a0\u00bb0&Prime; uncode_shortcode_id=\u00a0\u00bb106244&Prime; back_color_type=\u00a0\u00bbuncode-palette\u00a0\u00bb shape_bottom_color_type=\u00a0\u00bbuncode-palette\u00a0\u00bb][vc_column column_width_percent=\u00a0\u00bb100&Prime; position_vertical=\u00a0\u00bbmiddle\u00a0\u00bb align_horizontal=\u00a0\u00bbalign_center\u00a0\u00bb gutter_size=\u00a0\u00bb3&Prime; style=\u00a0\u00bbdark\u00a0\u00bb overlay_alpha=\u00a0\u00bb50&Prime; shift_x=\u00a0\u00bb0&Prime; shift_y=\u00a0\u00bb0&Prime; shift_y_down=\u00a0\u00bb0&Prime; z_index=\u00a0\u00bb0&Prime; medium_width=\u00a0\u00bb0&Prime; mobile_width=\u00a0\u00bb0&Prime; width=\u00a0\u00bb1\/1&Prime; uncode_shortcode_id=\u00a0\u00bb168551&Prime;][vc_custom_heading heading_semantic=\u00a0\u00bbh1&Prime; text_font=\u00a0\u00bbfont-846016&Prime; text_size=\u00a0\u00bbfontsize-338686&Prime; text_height=\u00a0\u00bbfontheight-179065&Prime; sub_reduced=\u00a0\u00bbyes\u00a0\u00bb text_uppercase=\u00a0\u00bb\u00a0\u00bb uncode_shortcode_id=\u00a0\u00bb898427&Prime;]Notre Histoire[\/vc_custom_heading][\/vc_column][\/vc_row][vc_row unlock_row=\u00a0\u00bb\u00a0\u00bb row_height_percent=\u00a0\u00bb0&Prime; override_padding=\u00a0\u00bbyes\u00a0\u00bb h_padding=\u00a0\u00bb2&Prime; top_padding=\u00a0\u00bb4&Prime; bottom_padding=\u00a0\u00bb3&Prime; overlay_alpha=\u00a0\u00bb100&Prime; gutter_size=\u00a0\u00bb3&Prime; column_width_percent=\u00a0\u00bb100&Prime; shift_y=\u00a0\u00bb0&Prime; z_index=\u00a0\u00bb0&Prime; content_parallax=\u00a0\u00bb0&Prime; uncode_shortcode_id=\u00a0\u00bb152009&Prime;][vc_column column_width_percent=\u00a0\u00bb90&Prime; position_horizontal=\u00a0\u00bbleft\u00a0\u00bb gutter_size=\u00a0\u00bb3&Prime; font_family=\u00a0\u00bbfont-846016&Prime; overlay_alpha=\u00a0\u00bb100&Prime; shift_x=\u00a0\u00bb0&Prime; shift_y=\u00a0\u00bb0&Prime; shift_y_down=\u00a0\u00bb0&Prime; z_index=\u00a0\u00bb0&Prime; medium_width=\u00a0\u00bb5&Prime; mobile_width=\u00a0\u00bb0&Prime; zoom_width=\u00a0\u00bb0&Prime; zoom_height=\u00a0\u00bb0&Prime; width=\u00a0\u00bb1\/2&Prime; uncode_shortcode_id=\u00a0\u00bb107675&Prime;][vc_single_image media=\u00a0\u00bb145446&Prime; media_width_percent=\u00a0\u00bb100&Prime; alignment=\u00a0\u00bbcenter\u00a0\u00bb shape=\u00a0\u00bbimg-round\u00a0\u00bb uncode_shortcode_id=\u00a0\u00bb106809&Prime;][\/vc_column][vc_column width=\u00a0\u00bb1\/2&Prime;][vc_custom_heading heading_semantic=\u00a0\u00bbh4&Prime; text_size=\u00a0\u00bbh3&Prime; uncode_shortcode_id=\u00a0\u00bb762344&Prime;]Notre Histoire[\/vc_custom_heading][vc_column_text uncode_shortcode_id=\u00a0\u00bb155382&Prime;]<strong>Notre histoire est celle d&rsquo;un athl\u00e8te ordinaire, d&rsquo;un habitu\u00e9 des salles de sport, d&rsquo;une personne ordinaire qui veut \u00eatre en bonne sant\u00e9. <\/strong><\/p>\n<p>Nous sommes un groupe de personnes conscientes de l&rsquo;importance de vivre sainement. Mais chaque fois que nous suivions un r\u00e9gime, une routine, un programme d&rsquo;exercices, nous finissions par les g\u00e2cher par des fringales. Nous nous sommes pr\u00e9cipit\u00e9s sur les grignotages faciles et avons fini par nous remplir de chocolats, de barres et de sucreries riches en calories et en sucre, qui ne faisaient rien d&rsquo;autre que nous faire sentir bien temporairement.<\/p>\n<p>Nous nous sommes sentis coupables, frustr\u00e9s et en col\u00e8re contre nous-m\u00eames pour avoir c\u00e9d\u00e9 au grignotage en permanence. C&rsquo;est alors que nous avons r\u00e9alis\u00e9 qu&rsquo;il devait y avoir une meilleure alternative.<\/p>\n<p>C&rsquo;est \u00e0 ce moment-l\u00e0 que nous avons commenc\u00e9 \u00e0 penser \u00e0 tout le monde en dehors de nous-m\u00eames.<\/p>\n<p>Nous nous sommes assis, nous avons pass\u00e9 de longues heures et nous avons discut\u00e9 de nombreuses id\u00e9es, pour finalement arriver \u00e0 l&rsquo;id\u00e9e d&rsquo;une bouch\u00e9e prot\u00e9in\u00e9e qui trouve un \u00e9cho aupr\u00e8s de tous ceux qui savent combien il est important d&rsquo;\u00eatre en bonne sant\u00e9.<\/p>\n<p>Nous voulions cr\u00e9er quelque chose de nutritif et de sain sans compromettre le go\u00fbt, la saveur et la richesse de l&rsquo;exp\u00e9rience que nous obtenions en mangeant des barres de chocolat et des desserts classiques. Nous ne voulions pas que les gens grignotent des blocs de carton fade simplement parce que c&rsquo;est ce qu&rsquo;il faut faire pour limiter les calories.<\/p>\n<p>C&rsquo;est ainsi que ProBites a vu le jour.<\/p>\n<p><strong>Des bouch\u00e9es prot\u00e9in\u00e9es qui sont faciles, saines et d\u00e9licieuses.<\/strong>[\/vc_column_text][\/vc_column][\/vc_row][vc_row unlock_row=\u00a0\u00bb\u00a0\u00bb row_height_percent=\u00a0\u00bb0&Prime; override_padding=\u00a0\u00bbyes\u00a0\u00bb h_padding=\u00a0\u00bb2&Prime; top_padding=\u00a0\u00bb0&Prime; bottom_padding=\u00a0\u00bb3&Prime; overlay_alpha=\u00a0\u00bb100&Prime; gutter_size=\u00a0\u00bb3&Prime; column_width_percent=\u00a0\u00bb100&Prime; shift_y=\u00a0\u00bb0&Prime; z_index=\u00a0\u00bb0&Prime; inverted_device_order=\u00a0\u00bbyes\u00a0\u00bb content_parallax=\u00a0\u00bb0&Prime; uncode_shortcode_id=\u00a0\u00bb985137&Prime;][vc_column column_width_percent=\u00a0\u00bb90&Prime; position_horizontal=\u00a0\u00bbleft\u00a0\u00bb gutter_size=\u00a0\u00bb3&Prime; font_family=\u00a0\u00bbfont-846016&Prime; overlay_alpha=\u00a0\u00bb100&Prime; shift_x=\u00a0\u00bb0&Prime; shift_y=\u00a0\u00bb0&Prime; shift_y_down=\u00a0\u00bb0&Prime; z_index=\u00a0\u00bb0&Prime; medium_width=\u00a0\u00bb5&Prime; mobile_width=\u00a0\u00bb0&Prime; zoom_width=\u00a0\u00bb0&Prime; zoom_height=\u00a0\u00bb0&Prime; width=\u00a0\u00bb1\/2&Prime; uncode_shortcode_id=\u00a0\u00bb107675&Prime;][vc_custom_heading heading_semantic=\u00a0\u00bbh4&Prime; text_size=\u00a0\u00bbh3&Prime; uncode_shortcode_id=\u00a0\u00bb457527&Prime;]Notre Mission[\/vc_custom_heading][vc_column_text uncode_shortcode_id=\u00a0\u00bb721963&Prime;]<strong>Notre mission est simple : rendre une vie saine un peu plus facile pour tout le monde. <\/strong><\/p>\n<p>C&rsquo;est dans cet esprit que nous \u00e9voluons, apprenons et r\u00e9apprenons constamment de nouvelles fa\u00e7ons d&rsquo;am\u00e9liorer nos produits. Nos \u00e9quipes d\u00e9vou\u00e9es exp\u00e9rimentent sans cesse de nouvelles saveurs et de nouveaux ingr\u00e9dients pour rendre chaque Probites encore plus d\u00e9licieux que le pr\u00e9c\u00e9dent. Et sur la base de cette exp\u00e9rimentation, il y a toujours des recherches et des analyses approfondies sur la fa\u00e7on dont un ingr\u00e9dient particulier peut vous aider \u00e0 rester en meilleure sant\u00e9.<\/p>\n<p>Mais le go\u00fbt n&rsquo;est qu&rsquo;un aspect de notre mission.<\/p>\n<p><strong>Nous ne pouvons pas compromettre le go\u00fbt pour la sant\u00e9. Et nous ne compromettons pas non plus la sant\u00e9 \u00e0 cause du go\u00fbt.<\/strong><\/p>\n<p>Nous sommes toujours \u00e0 la recherche de la combinaison parfaite de go\u00fbt, de nutrition et de bont\u00e9 qui correspond \u00e0 la quantit\u00e9 id\u00e9ale de tout, des calories au sucre. Pour que vous puissiez toujours atteindre vos ambitions en mati\u00e8re de sant\u00e9 et de forme physique. En fin de compte, notre produit final est parfaitement \u00e9quilibr\u00e9 entre la saveur, la richesse, la texture, la qualit\u00e9 et, surtout, la nutrition.[\/vc_column_text][\/vc_column][vc_column width=\u00a0\u00bb1\/2&Prime;][vc_single_image media=\u00a0\u00bb145447&Prime; media_width_percent=\u00a0\u00bb100&Prime; alignment=\u00a0\u00bbcenter\u00a0\u00bb shape=\u00a0\u00bbimg-round\u00a0\u00bb uncode_shortcode_id=\u00a0\u00bb199719&Prime;][\/vc_column][\/vc_row][vc_row unlock_row=\u00a0\u00bb\u00a0\u00bb row_height_percent=\u00a0\u00bb0&Prime; override_padding=\u00a0\u00bbyes\u00a0\u00bb h_padding=\u00a0\u00bb2&Prime; top_padding=\u00a0\u00bb0&Prime; bottom_padding=\u00a0\u00bb3&Prime; overlay_alpha=\u00a0\u00bb100&Prime; gutter_size=\u00a0\u00bb3&Prime; column_width_percent=\u00a0\u00bb100&Prime; shift_y=\u00a0\u00bb0&Prime; z_index=\u00a0\u00bb0&Prime; content_parallax=\u00a0\u00bb0&Prime; uncode_shortcode_id=\u00a0\u00bb162513&Prime;][vc_column column_width_percent=\u00a0\u00bb90&Prime; position_horizontal=\u00a0\u00bbleft\u00a0\u00bb gutter_size=\u00a0\u00bb3&Prime; font_family=\u00a0\u00bbfont-846016&Prime; overlay_alpha=\u00a0\u00bb100&Prime; shift_x=\u00a0\u00bb0&Prime; shift_y=\u00a0\u00bb0&Prime; shift_y_down=\u00a0\u00bb0&Prime; z_index=\u00a0\u00bb0&Prime; medium_width=\u00a0\u00bb5&Prime; mobile_width=\u00a0\u00bb0&Prime; zoom_width=\u00a0\u00bb0&Prime; zoom_height=\u00a0\u00bb0&Prime; width=\u00a0\u00bb1\/2&Prime; uncode_shortcode_id=\u00a0\u00bb107675&Prime;][vc_single_image media=\u00a0\u00bb145448&Prime; media_width_percent=\u00a0\u00bb100&Prime; alignment=\u00a0\u00bbcenter\u00a0\u00bb shape=\u00a0\u00bbimg-round\u00a0\u00bb uncode_shortcode_id=\u00a0\u00bb141803&Prime;][\/vc_column][vc_column width=\u00a0\u00bb1\/2&Prime;][vc_custom_heading heading_semantic=\u00a0\u00bbh4&Prime; text_size=\u00a0\u00bbh3&Prime; uncode_shortcode_id=\u00a0\u00bb111996&Prime;]Nos Produits[\/vc_custom_heading][vc_column_text uncode_shortcode_id=\u00a0\u00bb209983&Prime;]<strong>Nos produits sont d\u00e9finis par deux mots : Sains et diversifi\u00e9s.<\/strong><\/p>\n<p>Faire de nos bouch\u00e9es une alternative saine au grignotage inconscient est notre premier objectif. Mais ce n&rsquo;est pas le seul. Nos produits sont riches en saveurs et, gr\u00e2ce \u00e0 une exp\u00e9rimentation constante, nous ajoutons toujours de nouvelles saveurs uniques qui ne manqueront pas de vous rendre accro \u00e0 certains ProBites.<\/p>\n<p>Peut-\u00eatre avez-vous une dent sucr\u00e9e pour tout ce qui est beurre de cacahu\u00e8te, ou peut-\u00eatre aimez-vous un peu trop les oreo ou les cookies.<\/p>\n<p>Au lieu de vous donner l&rsquo;impression que nous ne pouvons pas transformer votre plaisir coupable en une collation saine et nutritive, nous avons cr\u00e9\u00e9 un assortiment d&rsquo;options qui peuvent satisfaire un large \u00e9ventail de papilles gustatives : tout en ajoutant de nouvelles saveurs plus savoureuses et plus vari\u00e9es \u00e0 notre arsenal de saveurs.<\/p>\n<p>Rendez-vous d\u00e8s maintenant dans <a href=\"https:\/\/probites.ca\/fr\/flavors\/&quot;\">notre magasin<\/a> pour vous procurer votre saveur pr\u00e9f\u00e9r\u00e9e et vous d\u00e9barrasser de la culpabilit\u00e9 qui accompagne le grignotage.[\/vc_column_text][\/vc_column][\/vc_row]<\/p>\n<\/div>","protected":false},"excerpt":{"rendered":"<p>[vc_row unlock_row_content=\u00a0\u00bbyes\u00a0\u00bb row_height_percent=\u00a0\u00bb60&Prime; override_padding=\u00a0\u00bbyes\u00a0\u00bb h_padding=\u00a0\u00bb5&Prime; top_padding=\u00a0\u00bb3&Prime; bottom_padding=\u00a0\u00bb3&Prime; back_color=\u00a0\u00bbcolor-wayh\u00a0\u00bb back_image=\u00a0\u00bb145587&Prime; parallax=\u00a0\u00bbyes\u00a0\u00bb kburns=\u00a0\u00bbmagnetic\u00a0\u00bb overlay_alpha=\u00a0\u00bb50&Prime; gutter_size=\u00a0\u00bb3&Prime; column_width_percent=\u00a0\u00bb100&Prime; shift_y=\u00a0\u00bb0&Prime; z_index=\u00a0\u00bb0&Prime; top_divider=\u00a0\u00bbgradient\u00a0\u00bb enable_bottom_divider=\u00a0\u00bbdefault\u00a0\u00bb bottom_divider=\u00a0\u00bbgradient\u00a0\u00bb shape_bottom_h_use_pixel=\u00a0\u00bbtrue\u00a0\u00bb [&hellip;]<\/p>\n","protected":false},"author":114,"featured_media":0,"parent":0,"menu_order":0,"comment_status":"open","ping_status":"closed","template":"","meta":{"footnotes":""},"class_list":["post-145579","page","type-page","status-publish","hentry"],"_links":{"self":[{"href":"https:\/\/probites.ca\/fr\/wp-json\/wp\/v2\/pages\/145579","targetHints":{"allow":["GET"]}}],"collection":[{"href":"https:\/\/probites.ca\/fr\/wp-json\/wp\/v2\/pages"}],"about":[{"href":"https:\/\/probites.ca\/fr\/wp-json\/wp\/v2\/types\/page"}],"author":[{"embeddable":true,"href":"https:\/\/probites.ca\/fr\/wp-json\/wp\/v2\/users\/114"}],"replies":[{"embeddable":true,"href":"https:\/\/probites.ca\/fr\/wp-json\/wp\/v2\/comments?post=145579"}],"version-history":[{"count":0,"href":"https:\/\/probites.ca\/fr\/wp-json\/wp\/v2\/pages\/145579\/revisions"}],"wp:attachment":[{"href":"https:\/\/probites.ca\/fr\/wp-json\/wp\/v2\/media?parent=145579"}],"curies":[{"name":"wp","href":"https:\/\/api.w.org\/{rel}","templated":true}]}}