{"id":145479,"date":"2015-01-11T12:21:33","date_gmt":"2015-01-11T11:21:33","guid":{"rendered":"https:\/\/probites.wpenginepowered.com\/shop-classic\/"},"modified":"2025-10-14T15:41:18","modified_gmt":"2025-10-14T19:41:18","slug":"accueil","status":"publish","type":"page","link":"https:\/\/probites.ca\/fr\/","title":{"rendered":"Accueil"},"content":{"rendered":"<div class=\"wpb-content-wrapper\"><p>[vc_row unlock_row_content=\u00a0\u00bbyes\u00a0\u00bb row_height_percent=\u00a0\u00bb100&Prime; override_padding=\u00a0\u00bbyes\u00a0\u00bb h_padding=\u00a0\u00bb3&Prime; top_padding=\u00a0\u00bb3&Prime; bottom_padding=\u00a0\u00bb3&Prime; back_color=\u00a0\u00bbcolor-wayh\u00a0\u00bb back_image=\u00a0\u00bb146915&Prime; overlay_color=\u00a0\u00bbcolor-jevc\u00a0\u00bb overlay_alpha=\u00a0\u00bb15&Prime; gutter_size=\u00a0\u00bb3&Prime; column_width_percent=\u00a0\u00bb100&Prime; shift_y=\u00a0\u00bb0&Prime; z_index=\u00a0\u00bb0&Prime; top_divider=\u00a0\u00bbgradient\u00a0\u00bb content_parallax=\u00a0\u00bb2&Prime; uncode_shortcode_id=\u00a0\u00bb725795&Prime; back_color_type=\u00a0\u00bbuncode-palette\u00a0\u00bb overlay_color_type=\u00a0\u00bbuncode-palette\u00a0\u00bb][vc_column column_width_percent=\u00a0\u00bb100&Prime; position_vertical=\u00a0\u00bbmiddle\u00a0\u00bb gutter_size=\u00a0\u00bb4&Prime; style=\u00a0\u00bbdark\u00a0\u00bb overlay_alpha=\u00a0\u00bb50&Prime; shift_x=\u00a0\u00bb0&Prime; shift_y=\u00a0\u00bb0&Prime; shift_y_down=\u00a0\u00bb0&Prime; z_index=\u00a0\u00bb0&Prime; medium_width=\u00a0\u00bb0&Prime; mobile_width=\u00a0\u00bb0&Prime; css_animation=\u00a0\u00bbalpha-anim\u00a0\u00bb animation_speed=\u00a0\u00bb1000&Prime; animation_delay=\u00a0\u00bb100&Prime; width=\u00a0\u00bb5\/6&Prime; uncode_shortcode_id=\u00a0\u00bb581481&Prime;][vc_empty_space][vc_custom_heading heading_semantic=\u00a0\u00bbh3&Prime; text_size=\u00a0\u00bbcustom\u00a0\u00bb text_weight=\u00a0\u00bb800&Prime; text_transform=\u00a0\u00bbuppercase\u00a0\u00bb text_height=\u00a0\u00bbfontheight-179065&Prime; sub_reduced=\u00a0\u00bbyes\u00a0\u00bb css_animation=\u00a0\u00bbbottom-t-top\u00a0\u00bb uncode_shortcode_id=\u00a0\u00bb325654&Prime; subheading=\u00a0\u00bbCr\u00e9meux, savoureux et d\u00e9licieusement crunchy, nos Bouch\u00e9es Croquant au Beurre d\u2019Arachide sont faites avec de vraies arachides r\u00f4ties et offrent une bonne dose de prot\u00e9ines pour une \u00e9nergie durable. \u00a0\u00bb heading_custom_size=\u00a0\u00bbclamp(50px,12vw,110px)\u00a0\u00bb]SAVOUREZ UNE D\u00c9LICIEUSE<br \/>\nDOSE DE PROT\u00c9INES[\/vc_custom_heading][vc_button size=\u00a0\u00bbbtn-lg\u00a0\u00bb radius=\u00a0\u00bbbtn-round\u00a0\u00bb custom_typo=\u00a0\u00bbyes\u00a0\u00bb font_family=\u00a0\u00bbfont-377884&Prime; font_weight=\u00a0\u00bb800&Prime; text_transform=\u00a0\u00bbuppercase\u00a0\u00bb border_width=\u00a0\u00bb0&Prime; scale_mobile=\u00a0\u00bbno\u00a0\u00bb uncode_shortcode_id=\u00a0\u00bb175406&Prime; link=\u00a0\u00bburl:https%3A%2F%2Fprobites.ca%2Ffr%2Fflavors%2F\u00a0\u00bb button_color_type=\u00a0\u00bbuncode-solid\u00a0\u00bb button_color_solid=\u00a0\u00bb#009dda\u00a0\u00bb]ACHETER MAINTENANT[\/vc_button][\/vc_column][vc_column width=\u00a0\u00bb1\/6&Prime;][\/vc_column][\/vc_row][vc_row row_height_percent=\u00a0\u00bb0&Prime; override_padding=\u00a0\u00bbyes\u00a0\u00bb h_padding=\u00a0\u00bb2&Prime; top_padding=\u00a0\u00bb3&Prime; bottom_padding=\u00a0\u00bb3&Prime; overlay_alpha=\u00a0\u00bb50&Prime; gutter_size=\u00a0\u00bb3&Prime; column_width_percent=\u00a0\u00bb100&Prime; shift_y=\u00a0\u00bb0&Prime; z_index=\u00a0\u00bb0&Prime; content_parallax=\u00a0\u00bb0&Prime; uncode_shortcode_id=\u00a0\u00bb943176&Prime;][vc_column column_width_use_pixel=\u00a0\u00bbyes\u00a0\u00bb position_vertical=\u00a0\u00bbmiddle\u00a0\u00bb align_horizontal=\u00a0\u00bbalign_center\u00a0\u00bb gutter_size=\u00a0\u00bb3&Prime; overlay_alpha=\u00a0\u00bb50&Prime; shift_x=\u00a0\u00bb0&Prime; shift_y=\u00a0\u00bb0&Prime; shift_y_down=\u00a0\u00bb0&Prime; z_index=\u00a0\u00bb0&Prime; medium_width=\u00a0\u00bb0&Prime; mobile_width=\u00a0\u00bb0&Prime; width=\u00a0\u00bb1\/1&Prime; column_width_pixel=\u00a0\u00bb600&Prime; uncode_shortcode_id=\u00a0\u00bb116658&Prime;][vc_custom_heading heading_semantic=\u00a0\u00bbh3&Prime; text_font=\u00a0\u00bbfont-377884&Prime; text_size=\u00a0\u00bbcustom\u00a0\u00bb text_weight=\u00a0\u00bb600&Prime; uncode_shortcode_id=\u00a0\u00bb701337&Prime; heading_custom_size=\u00a0\u00bbclamp(24px,5vw,40px)\u00a0\u00bb]Tel Que Vu Dans[\/vc_custom_heading][vc_gallery el_id=\u00a0\u00bbgallery-23456&Prime; type=\u00a0\u00bblinear\u00a0\u00bb medias=\u00a0\u00bb145483,145485,145481,145482,145484,145486&Prime; gutter_size=\u00a0\u00bb5&Prime; linear_width=\u00a0\u00bbclamp(120px, 13vw, 270px)\u00a0\u00bb linear_animation=\u00a0\u00bbmarquee-scroll-opposite\u00a0\u00bb linear_speed=\u00a0\u00bb0&Prime; marquee_clone=\u00a0\u00bbyes\u00a0\u00bb draggable=\u00a0\u00bbyes\u00a0\u00bb media_items=\u00a0\u00bbmedia|custom_link|original\u00a0\u00bb css_grid_images_size=\u00a0\u00bbtwo-one\u00a0\u00bb single_overlay_opacity=\u00a0\u00bb50&Prime; single_overlay_anim=\u00a0\u00bbno\u00a0\u00bb single_text_anim=\u00a0\u00bbno\u00a0\u00bb single_image_anim=\u00a0\u00bbno\u00a0\u00bb single_padding=\u00a0\u00bb1&Prime; single_border=\u00a0\u00bbyes\u00a0\u00bb uncode_shortcode_id=\u00a0\u00bb196752&Prime; single_link=\u00a0\u00bburl:%23&Prime;][\/vc_column][\/vc_row][vc_row unlock_row_content=\u00a0\u00bbyes\u00a0\u00bb row_height_percent=\u00a0\u00bb0&Prime; override_padding=\u00a0\u00bbyes\u00a0\u00bb h_padding=\u00a0\u00bb3&Prime; top_padding=\u00a0\u00bb0&Prime; bottom_padding=\u00a0\u00bb5&Prime; overlay_alpha=\u00a0\u00bb50&Prime; gutter_size=\u00a0\u00bb3&Prime; column_width_percent=\u00a0\u00bb100&Prime; shift_y=\u00a0\u00bb0&Prime; z_index=\u00a0\u00bb0&Prime; uncode_shortcode_id=\u00a0\u00bb139969&Prime;][vc_column column_width_percent=\u00a0\u00bb100&Prime; align_horizontal=\u00a0\u00bbalign_center\u00a0\u00bb gutter_size=\u00a0\u00bb4&Prime; font_family=\u00a0\u00bbfont-955596&Prime; overlay_alpha=\u00a0\u00bb50&Prime; shift_x=\u00a0\u00bb0&Prime; shift_y=\u00a0\u00bb0&Prime; shift_y_down=\u00a0\u00bb0&Prime; z_index=\u00a0\u00bb0&Prime; medium_width=\u00a0\u00bb0&Prime; mobile_width=\u00a0\u00bb0&Prime; css_animation=\u00a0\u00bbalpha-anim\u00a0\u00bb animation_speed=\u00a0\u00bb1000&Prime; width=\u00a0\u00bb1\/1&Prime; uncode_shortcode_id=\u00a0\u00bb498340&Prime;][vc_custom_heading heading_semantic=\u00a0\u00bbh3&Prime; text_font=\u00a0\u00bbfont-377884&Prime; text_size=\u00a0\u00bbcustom\u00a0\u00bb text_weight=\u00a0\u00bb600&Prime; sub_lead=\u00a0\u00bbyes\u00a0\u00bb sub_reduced=\u00a0\u00bbyes\u00a0\u00bb uncode_shortcode_id=\u00a0\u00bb179383&Prime; heading_custom_size=\u00a0\u00bbclamp(24px,5vw,40px)\u00a0\u00bb subheading=\u00a0\u00bbChoisissez dans huite saveurs de snacks sains.\u00a0\u00bb]D\u00e9bloquez Le Pouvoir Des Prot\u00e9ines[\/vc_custom_heading][uncode_index el_id=\u00a0\u00bbindex-11152332-532&Prime; index_type=\u00a0\u00bbcss_grid\u00a0\u00bb loop=\u00a0\u00bbsize:8|order_by:date|post_type:product|taxonomy_count:10&Prime; screen_lg_items=\u00a0\u00bb2&Prime; screen_lg_breakpoint=\u00a0\u00bb1200&Prime; screen_md_items=\u00a0\u00bb2&Prime; screen_md_breakpoint=\u00a0\u00bb600&Prime; screen_sm_items=\u00a0\u00bb1&Prime; screen_sm_breakpoint=\u00a0\u00bb480&Prime; gutter_size=\u00a0\u00bb2&Prime; product_items=\u00a0\u00bbmedia|featured|onpost|original|show-sale|enhanced-atc|inherit-w-atc|atc-typo-default|hide-atc,variations|under|null|3|default|original_title|size_regular|mobile,spacer|half,title,price|default,quick-view-button,stars\u00a0\u00bb single_overlay_opacity=\u00a0\u00bb50&Prime; single_overlay_anim=\u00a0\u00bbno\u00a0\u00bb single_text_visible=\u00a0\u00bbyes\u00a0\u00bb single_text_anim=\u00a0\u00bbno\u00a0\u00bb single_h_align=\u00a0\u00bbcenter\u00a0\u00bb single_padding=\u00a0\u00bb0&Prime; single_title_family=\u00a0\u00bbfont-955596&Prime; single_title_dimension=\u00a0\u00bbh5&Prime; single_title_weight=\u00a0\u00bb700&Prime; single_title_height=\u00a0\u00bbfontheight-357766&Prime; single_border=\u00a0\u00bbyes\u00a0\u00bb custom_order=\u00a0\u00bbyes\u00a0\u00bb pagination_per_page=\u00a0\u00bb0&Prime; uncode_shortcode_id=\u00a0\u00bb149146&Prime; order_ids=\u00a0\u00bb112955,112016,111862,111934&Prime;][\/vc_column][\/vc_row]<\/p>\n<\/div>","protected":false},"excerpt":{"rendered":"<p>[vc_row unlock_row_content=\u00a0\u00bbyes\u00a0\u00bb row_height_percent=\u00a0\u00bb100&Prime; override_padding=\u00a0\u00bbyes\u00a0\u00bb h_padding=\u00a0\u00bb3&Prime; top_padding=\u00a0\u00bb3&Prime; bottom_padding=\u00a0\u00bb3&Prime; back_color=\u00a0\u00bbcolor-wayh\u00a0\u00bb back_image=\u00a0\u00bb146915&Prime; overlay_color=\u00a0\u00bbcolor-jevc\u00a0\u00bb overlay_alpha=\u00a0\u00bb15&Prime; gutter_size=\u00a0\u00bb3&Prime; column_width_percent=\u00a0\u00bb100&Prime; shift_y=\u00a0\u00bb0&Prime; z_index=\u00a0\u00bb0&Prime; top_divider=\u00a0\u00bbgradient\u00a0\u00bb content_parallax=\u00a0\u00bb2&Prime; uncode_shortcode_id=\u00a0\u00bb725795&Prime; back_color_type=\u00a0\u00bbuncode-palette\u00a0\u00bb overlay_color_type=\u00a0\u00bbuncode-palette\u00a0\u00bb][vc_column [&hellip;]<\/p>\n","protected":false},"author":989,"featured_media":0,"parent":0,"menu_order":0,"comment_status":"open","ping_status":"closed","template":"","meta":{"footnotes":""},"class_list":["post-145479","page","type-page","status-publish","hentry","page_category-demo-shop-fr"],"_links":{"self":[{"href":"https:\/\/probites.ca\/fr\/wp-json\/wp\/v2\/pages\/145479","targetHints":{"allow":["GET"]}}],"collection":[{"href":"https:\/\/probites.ca\/fr\/wp-json\/wp\/v2\/pages"}],"about":[{"href":"https:\/\/probites.ca\/fr\/wp-json\/wp\/v2\/types\/page"}],"author":[{"embeddable":true,"href":"https:\/\/probites.ca\/fr\/wp-json\/wp\/v2\/users\/989"}],"replies":[{"embeddable":true,"href":"https:\/\/probites.ca\/fr\/wp-json\/wp\/v2\/comments?post=145479"}],"version-history":[{"count":0,"href":"https:\/\/probites.ca\/fr\/wp-json\/wp\/v2\/pages\/145479\/revisions"}],"wp:attachment":[{"href":"https:\/\/probites.ca\/fr\/wp-json\/wp\/v2\/media?parent=145479"}],"curies":[{"name":"wp","href":"https:\/\/api.w.org\/{rel}","templated":true}]}}